{"id":112,"date":"2018-06-03T23:52:29","date_gmt":"2018-06-03T21:52:29","guid":{"rendered":"https:\/\/www.tallers-soteras.com\/?page_id=112"},"modified":"2020-11-26T14:34:14","modified_gmt":"2020-11-26T13:34:14","slug":"productos","status":"publish","type":"page","link":"https:\/\/www.tallers-soteras.com\/es\/productos\/","title":{"rendered":"Productos"},"content":{"rendered":"<div class=\"wpb-content-wrapper\"><p>[vc_row css_animation=\u00bbelement_from_fade\u00bb row_type=\u00bbrow\u00bb use_row_as_full_screen_section=\u00bbno\u00bb type=\u00bbgrid\u00bb angled_section=\u00bbno\u00bb text_align=\u00bbcenter\u00bb background_image_as_pattern=\u00bbwithout_pattern\u00bb padding_top=\u00bb60&#8243; padding_bottom=\u00bb50&#8243; z_index=\u00bb\u00bb][vc_column][vc_column_text el_class=\u00bbsection_title\u00bb]<\/p>\n<h1 style=\"text-align: center;\">Tallers Soteras, fabricantes de maquinaria para la industria del papel<\/h1>\n<p style=\"text-align: center;\">EXPERTOS EN CONSTRUCCI\u00d3N DE MAQUINARIA MODERNA Y ARTESANAL<\/p>\n<p>[\/vc_column_text][\/vc_column][\/vc_row][vc_row css_animation=\u00bbelement_from_fade\u00bb row_type=\u00bbrow\u00bb use_row_as_full_screen_section=\u00bbno\u00bb type=\u00bbgrid\u00bb angled_section=\u00bbno\u00bb text_align=\u00bbcenter\u00bb background_image_as_pattern=\u00bbwithout_pattern\u00bb padding_bottom=\u00bb50&#8243; z_index=\u00bb\u00bb el_class=\u00bbproductos\u00bb][vc_column width=\u00bb1\/4&#8243;][vc_single_image image=\u00bb1266&#8243; img_size=\u00bbfull\u00bb alignment=\u00bbcenter\u00bb qode_css_animation=\u00bb\u00bb][vc_separator type=\u00bbtransparent\u00bb up=\u00bb20&#8243;][vc_column_text]<\/p>\n<h3 style=\"text-align: center;\">PILA HOLANDESA<\/h3>\n<p style=\"text-align: center;\">Pila holandesa de gran capacidad para papeles de alta calidad.<\/p>\n<p>[\/vc_column_text][vc_separator type=\u00bbtransparent\u00bb up=\u00bb20&#8243;]<a  itemprop=\"url\" href=\"https:\/\/www.tallers-soteras.com\/es\/contacta\/\" target=\"_self\"  class=\"qbutton  default\" style=\"\">PETICI\u00d3N DE PRESUPUESTO<\/a>[vc_separator type=\u00bbtransparent\u00bb up=\u00bb20&#8243;][\/vc_column][vc_column width=\u00bb1\/4&#8243;][vc_single_image image=\u00bb1321&#8243; img_size=\u00bbfull\u00bb alignment=\u00bbcenter\u00bb qode_css_animation=\u00bb\u00bb][vc_column_text]<\/p>\n<h3 style=\"text-align: center;\">TROMEL<\/h3>\n<p style=\"text-align: center;\">Cilindro formado por chapa perforada para filtrar y extraer los residuos. Accionamiento mediante un motor reductor y un sistema de recogida de las aguas con bomba incorporada para recirculaci\u00f3n.<\/p>\n<p>[\/vc_column_text][vc_separator type=\u00bbtransparent\u00bb up=\u00bb20&#8243;][vc_separator type=\u00bbtransparent\u00bb up=\u00bb20&#8243;]<a  itemprop=\"url\" href=\"https:\/\/www.tallers-soteras.com\/es\/contacta\/\" target=\"_self\"  class=\"qbutton  default\" style=\"\">PETICI\u00d3N DE PRESUPUESTO<\/a>[vc_separator type=\u00bbtransparent\u00bb up=\u00bb20&#8243;][\/vc_column][vc_column width=\u00bb1\/4&#8243;][vc_single_image image=\u00bb1313&#8243; img_size=\u00bbfull\u00bb alignment=\u00bbcenter\u00bb qode_css_animation=\u00bb\u00bb][vc_column_text]<\/p>\n<h3 style=\"text-align: center;\">DEP\u00d3SITOS<\/h3>\n<p style=\"text-align: center;\">Dep\u00f3sitos en acero inoxidable de diferentes tama\u00f1os en una sola pieza o desmontables.<br \/>\nSistemas de agitadores verticales u horizontales con h\u00e9lices.<\/p>\n<p>[\/vc_column_text][vc_separator type=\u00bbtransparent\u00bb up=\u00bb20&#8243;][vc_separator type=\u00bbtransparent\u00bb up=\u00bb5&#8243;]<a  itemprop=\"url\" href=\"https:\/\/www.tallers-soteras.com\/es\/contacta\/\" target=\"_self\"  class=\"qbutton  default\" style=\"\">PETICI\u00d3N DE PRESUPUESTO<\/a>[vc_separator type=\u00bbtransparent\u00bb up=\u00bb5&#8243;][\/vc_column][vc_column width=\u00bb1\/4&#8243;][vc_single_image image=\u00bb1309&#8243; img_size=\u00bbfull\u00bb alignment=\u00bbcenter\u00bb qode_css_animation=\u00bb\u00bb][vc_column_text]<\/p>\n<h3 style=\"text-align: center;\">HORNO INDUSTRIAL<\/h3>\n<p style=\"text-align: center;\">Horno para m\u00e1quina de impresi\u00f3n flexogr\u00e1fica para secar con aire. Ancho de la mesa de 800 a 2000mm. Temperaturas de trabajo 150\/180\u00ba.<\/p>\n<p>[\/vc_column_text]<a  itemprop=\"url\" href=\"https:\/\/www.tallers-soteras.com\/es\/contacta\/\" target=\"_self\"  class=\"qbutton  default\" style=\"\">PETICI\u00d3N DE PRESUPUESTO<\/a>[vc_separator type=\u00bbtransparent\u00bb up=\u00bb50&#8243;][vc_separator type=\u00bbtransparent\u00bb up=\u00bb20&#8243;][\/vc_column][\/vc_row][vc_row css_animation=\u00bbelement_from_fade\u00bb row_type=\u00bbrow\u00bb use_row_as_full_screen_section=\u00bbno\u00bb type=\u00bbgrid\u00bb angled_section=\u00bbno\u00bb text_align=\u00bbcenter\u00bb background_image_as_pattern=\u00bbwithout_pattern\u00bb padding_bottom=\u00bb50&#8243; z_index=\u00bb\u00bb el_class=\u00bbproductos\u00bb][vc_column width=\u00bb1\/3&#8243;][vc_single_image image=\u00bb401&#8243; img_size=\u00bbfull\u00bb alignment=\u00bbcenter\u00bb qode_css_animation=\u00bb\u00bb][vc_column_text]<\/p>\n<h3 style=\"text-align: center;\">PULPERS<\/h3>\n<p style=\"text-align: center;\">Pulper triturador de alta densidad con rotor helicoidal y pulper convencional con aspas o con plato desintegrador.<\/p>\n<p>[\/vc_column_text][vc_separator type=\u00bbtransparent\u00bb up=\u00bb20&#8243;]<a  itemprop=\"url\" href=\"https:\/\/www.tallers-soteras.com\/es\/contacta\/\" target=\"_self\"  class=\"qbutton  default\" style=\"\">PETICI\u00d3N DE PRESUPUESTO<\/a>[vc_separator type=\u00bbtransparent\u00bb up=\u00bb50&#8243;][\/vc_column][vc_column width=\u00bb1\/3&#8243;][vc_single_image image=\u00bb586&#8243; img_size=\u00bbfull\u00bb alignment=\u00bbcenter\u00bb qode_css_animation=\u00bb\u00bb][vc_column_text]<\/p>\n<h3 style=\"text-align: center;\">DEPURADORES<\/h3>\n<p style=\"text-align: center;\">Depurador centr\u00edfugo para protecci\u00f3n del circuito de pastas, alta densidad tipo DR. Caudal de 800 a 1.200 l\/min.<br \/>\nDepurador centr\u00edfugo tipo cicl\u00f3n con motor incorporado y doble turbina para pasta espesa, caudal de 500 a 1.800 l\/min, y para pasta diluida, caudal de 800 a 5.000 l\/min.<\/p>\n<p>[\/vc_column_text][vc_separator type=\u00bbtransparent\u00bb up=\u00bb20&#8243;][vc_separator type=\u00bbtransparent\u00bb up=\u00bb5&#8243;]<a  itemprop=\"url\" href=\"https:\/\/www.tallers-soteras.com\/es\/contacta\/\" target=\"_self\"  class=\"qbutton  default\" style=\"\">PETICI\u00d3N DE PRESUPUESTO<\/a>[vc_separator type=\u00bbtransparent\u00bb up=\u00bb20&#8243;][\/vc_column][vc_column width=\u00bb1\/3&#8243;][vc_single_image image=\u00bb587&#8243; img_size=\u00bbfull\u00bb alignment=\u00bbcenter\u00bb qode_css_animation=\u00bb\u00bb][vc_column_text]<\/p>\n<h3 style=\"text-align: center;\">SEPARADORES<\/h3>\n<p style=\"text-align: center;\">Clasificador pre-despastillador para pasta de papel reciclado. Mediante un rotor y un tamiz trabajando sin presi\u00f3n elimina las impurezas ligeras con bajo consumo energ\u00e9tico. Modelos construidos: separator 475 de 1.600 kg\/h y separator 700 de 4.000 kg\/h. En estudio separator 1.000.<\/p>\n<p>[\/vc_column_text][vc_separator type=\u00bbtransparent\u00bb up=\u00bb20&#8243;][vc_separator type=\u00bbtransparent\u00bb up=\u00bb5&#8243;]<a  itemprop=\"url\" href=\"https:\/\/www.tallers-soteras.com\/es\/contacta\/\" target=\"_self\"  class=\"qbutton  default\" style=\"\">PETICI\u00d3N DE PRESUPUESTO<\/a>[vc_separator type=\u00bbtransparent\u00bb up=\u00bb5&#8243;][\/vc_column][\/vc_row][vc_row css_animation=\u00bbelement_from_fade\u00bb row_type=\u00bbrow\u00bb use_row_as_full_screen_section=\u00bbno\u00bb type=\u00bbgrid\u00bb angled_section=\u00bbno\u00bb text_align=\u00bbcenter\u00bb background_image_as_pattern=\u00bbwithout_pattern\u00bb padding_bottom=\u00bb50&#8243; z_index=\u00bb\u00bb el_class=\u00bbproductos\u00bb][vc_column width=\u00bb1\/3&#8243;][vc_single_image image=\u00bb588&#8243; img_size=\u00bbfull\u00bb alignment=\u00bbcenter\u00bb qode_css_animation=\u00bb\u00bb][vc_separator type=\u00bbtransparent\u00bb up=\u00bb20&#8243;][vc_column_text]<\/p>\n<h3 style=\"text-align: center;\">DEPURADORES PLANOS<\/h3>\n<p style=\"text-align: center;\">Depurador para instalar salida de rechazos del separator y depurador para instalar en diferentes circuitos y densidades. Ambos compuestos de chapas perforadas, sistema vibrador por medio de motor de masas exc\u00e9ntricas.<\/p>\n<p>[\/vc_column_text][vc_separator type=\u00bbtransparent\u00bb up=\u00bb20&#8243;]<a  itemprop=\"url\" href=\"https:\/\/www.tallers-soteras.com\/es\/contacta\/\" target=\"_self\"  class=\"qbutton  default\" style=\"\">PETICI\u00d3N DE PRESUPUESTO<\/a>[vc_separator type=\u00bbtransparent\u00bb up=\u00bb50&#8243;][\/vc_column][vc_column width=\u00bb1\/3&#8243;][vc_single_image image=\u00bb957&#8243; img_size=\u00bbfull\u00bb alignment=\u00bbcenter\u00bb qode_css_animation=\u00bb\u00bb][vc_column_text]<\/p>\n<h3 style=\"text-align: center;\">DESPASTILLADORES<\/h3>\n<p style=\"text-align: center;\">Sistema de eliminaci\u00f3n de pastillas. Mejora la calidad del producto acabado.<br \/>\nFuncionamiento con regulaci\u00f3n de los discos seg\u00fan las pastas.<\/p>\n<p>[\/vc_column_text][vc_separator type=\u00bbtransparent\u00bb up=\u00bb20&#8243;][vc_separator type=\u00bbtransparent\u00bb up=\u00bb5&#8243;]<a  itemprop=\"url\" href=\"https:\/\/www.tallers-soteras.com\/es\/contacta\/\" target=\"_self\"  class=\"qbutton  default\" style=\"\">PETICI\u00d3N DE PRESUPUESTO<\/a>[vc_separator type=\u00bbtransparent\u00bb up=\u00bb20&#8243;][\/vc_column][vc_column width=\u00bb1\/3&#8243;][vc_single_image image=\u00bb591&#8243; img_size=\u00bbfull\u00bb alignment=\u00bbcenter\u00bb qode_css_animation=\u00bb\u00bb][vc_separator type=\u00bbtransparent\u00bb up=\u00bb20&#8243;][vc_column_text]<\/p>\n<h3 style=\"text-align: center;\">CLASIFICADORES<\/h3>\n<p style=\"text-align: center;\">Clasificadores o screens a presi\u00f3n provistos de tamices con agujeros o ranuras seg\u00fan las pastas. Ranura m\u00ednima de 0,15 mm. Construcci\u00f3n de dos tipos de clasificadores con producciones similares a los caudales de los separators y con potencias comprendidas entre 40 y 100 CV.<\/p>\n<p>[\/vc_column_text][vc_separator type=\u00bbtransparent\u00bb up=\u00bb20&#8243;][vc_separator type=\u00bbtransparent\u00bb up=\u00bb5&#8243;]<a  itemprop=\"url\" href=\"https:\/\/www.tallers-soteras.com\/es\/contacta\/\" target=\"_self\"  class=\"qbutton  default\" style=\"\">PETICI\u00d3N DE PRESUPUESTO<\/a>[vc_separator type=\u00bbtransparent\u00bb up=\u00bb5&#8243;][\/vc_column][\/vc_row][vc_row css_animation=\u00bbelement_from_fade\u00bb row_type=\u00bbrow\u00bb use_row_as_full_screen_section=\u00bbno\u00bb type=\u00bbgrid\u00bb angled_section=\u00bbno\u00bb text_align=\u00bbcenter\u00bb background_image_as_pattern=\u00bbwithout_pattern\u00bb z_index=\u00bb\u00bb el_class=\u00bbproductos\u00bb][vc_column width=\u00bb1\/3&#8243;][vc_single_image image=\u00bb1081&#8243; img_size=\u00bbfull\u00bb alignment=\u00bbcenter\u00bb qode_css_animation=\u00bb\u00bb][vc_separator type=\u00bbtransparent\u00bb up=\u00bb20&#8243;][vc_separator type=\u00bbtransparent\u00bb up=\u00bb20&#8243;][vc_separator type=\u00bbtransparent\u00bb up=\u00bb20&#8243;][vc_column_text]<\/p>\n<h3 style=\"text-align: center;\">REFINO C\u00d3NICO<\/h3>\n<p style=\"text-align: center;\">Refino gran angular. Reparaci\u00f3n de todo tipo.<\/p>\n<p>[\/vc_column_text][vc_separator type=\u00bbtransparent\u00bb up=\u00bb20&#8243;]<a  itemprop=\"url\" href=\"https:\/\/www.tallers-soteras.com\/es\/contacta\/\" target=\"_self\"  class=\"qbutton  default\" style=\"\">PETICI\u00d3N DE PRESUPUESTO<\/a>[vc_separator type=\u00bbtransparent\u00bb up=\u00bb20&#8243;][\/vc_column][vc_column width=\u00bb1\/3&#8243;][vc_single_image image=\u00bb593&#8243; img_size=\u00bbfull\u00bb alignment=\u00bbcenter\u00bb qode_css_animation=\u00bb\u00bb][vc_separator type=\u00bbtransparent\u00bb up=\u00bb20&#8243;][vc_separator type=\u00bbtransparent\u00bb up=\u00bb20&#8243;][vc_separator type=\u00bbtransparent\u00bb up=\u00bb20&#8243;][vc_column_text]<\/p>\n<h3 style=\"text-align: center;\">FORMAS REDONDAS<\/h3>\n<p>Tamiz para la fabricaci\u00f3n de papel en continuo de acero inoxidable o parte en bronce.<br \/>\nMontura de las telas met\u00e1licas. [\/vc_column_text][vc_separator type=\u00bbtransparent\u00bb up=\u00bb20&#8243;]<a  itemprop=\"url\" href=\"https:\/\/www.tallers-soteras.com\/es\/contacta\/\" target=\"_self\"  class=\"qbutton  default\" style=\"\">PETICI\u00d3N DE PRESUPUESTO<\/a>[vc_separator type=\u00bbtransparent\u00bb up=\u00bb20&#8243;][\/vc_column][vc_column width=\u00bb1\/3&#8243;][vc_single_image image=\u00bb1096&#8243; img_size=\u00bbfull\u00bb alignment=\u00bbcenter\u00bb qode_css_animation=\u00bb\u00bb][vc_separator type=\u00bbtransparent\u00bb up=\u00bb20&#8243;][vc_column_text]<\/p>\n<h3 style=\"text-align: center;\">REFINO\/DESPASTILLADOR DE DISCOS<\/h3>\n<p>Refino o despastillador de discos.<\/p>\n<p>[\/vc_column_text][vc_separator type=\u00bbtransparent\u00bb up=\u00bb20&#8243;]<a  itemprop=\"url\" href=\"https:\/\/www.tallers-soteras.com\/es\/contacta\/\" target=\"_self\"  class=\"qbutton  default\" style=\"\">PETICI\u00d3N DE PRESUPUESTO<\/a>[vc_separator type=\u00bbtransparent\u00bb up=\u00bb20&#8243;][\/vc_column][\/vc_row][vc_row css_animation=\u00bb\u00bb row_type=\u00bbrow\u00bb use_row_as_full_screen_section=\u00bbno\u00bb type=\u00bbfull_width\u00bb angled_section=\u00bbno\u00bb text_align=\u00bbleft\u00bb background_image_as_pattern=\u00bbwithout_pattern\u00bb][vc_column][vc_separator type=\u00bbtransparent\u00bb up=\u00bb50&#8243;][\/vc_column][\/vc_row][vc_row css_animation=\u00bb\u00bb row_type=\u00bbrow\u00bb use_row_as_full_screen_section=\u00bbno\u00bb type=\u00bbfull_width\u00bb angled_section=\u00bbno\u00bb text_align=\u00bbleft\u00bb background_image_as_pattern=\u00bbwithout_pattern\u00bb][vc_column][\/vc_column][\/vc_row]<\/p>\n<\/div>","protected":false},"excerpt":{"rendered":"<p>[vc_row css_animation=\u00bbelement_from_fade\u00bb row_type=\u00bbrow\u00bb use_row_as_full_screen_section=\u00bbno\u00bb type=\u00bbgrid\u00bb angled_section=\u00bbno\u00bb text_align=\u00bbcenter\u00bb background_image_as_pattern=\u00bbwithout_pattern\u00bb padding_top=\u00bb60&#8243; padding_bottom=\u00bb50&#8243; z_index=\u00bb\u00bb][vc_column][vc_column_text el_class=\u00bbsection_title\u00bb] Tallers Soteras, fabricantes de maquinaria para la industria del papel EXPERTOS EN CONSTRUCCI\u00d3N DE MAQUINARIA MODERNA Y ARTESANAL [\/vc_column_text][\/vc_column][\/vc_row][vc_row css_animation=\u00bbelement_from_fade\u00bb row_type=\u00bbrow\u00bb use_row_as_full_screen_section=\u00bbno\u00bb type=\u00bbgrid\u00bb angled_section=\u00bbno\u00bb text_align=\u00bbcenter\u00bb background_image_as_pattern=\u00bbwithout_pattern\u00bb padding_bottom=\u00bb50&#8243; z_index=\u00bb\u00bb el_class=\u00bbproductos\u00bb][vc_column width=\u00bb1\/4&#8243;][vc_single_image image=\u00bb1266&#8243; img_size=\u00bbfull\u00bb alignment=\u00bbcenter\u00bb&#8230;<\/p>\n","protected":false},"author":1,"featured_media":0,"parent":0,"menu_order":0,"comment_status":"closed","ping_status":"closed","template":"full_width.php","meta":{"footnotes":""},"class_list":["post-112","page","type-page","status-publish","hentry"],"yoast_head":"<!-- This site is optimized with the Yoast SEO plugin v27.5 - https:\/\/yoast.com\/product\/yoast-seo-wordpress\/ -->\n<title>Productos - Tallers Soteras<\/title>\n<meta name=\"robots\" content=\"index, follow, max-snippet:-1, max-image-preview:large, max-video-preview:-1\" \/>\n<link rel=\"canonical\" href=\"https:\/\/www.tallers-soteras.com\/es\/productos\/\" \/>\n<meta property=\"og:locale\" content=\"es_ES\" \/>\n<meta property=\"og:type\" content=\"article\" \/>\n<meta property=\"og:title\" content=\"Productos - Tallers Soteras\" \/>\n<meta property=\"og:description\" content=\"[vc_row css_animation=\u00bbelement_from_fade\u00bb row_type=\u00bbrow\u00bb use_row_as_full_screen_section=\u00bbno\u00bb type=\u00bbgrid\u00bb angled_section=\u00bbno\u00bb text_align=\u00bbcenter\u00bb background_image_as_pattern=\u00bbwithout_pattern\u00bb padding_top=\u00bb60&#8243; padding_bottom=\u00bb50&#8243; z_index=\u00bb\u00bb][vc_column][vc_column_text el_class=\u00bbsection_title\u00bb] Tallers Soteras, fabricantes de maquinaria para la industria del papel EXPERTOS EN CONSTRUCCI\u00d3N DE MAQUINARIA MODERNA Y ARTESANAL [\/vc_column_text][\/vc_column][\/vc_row][vc_row css_animation=\u00bbelement_from_fade\u00bb row_type=\u00bbrow\u00bb use_row_as_full_screen_section=\u00bbno\u00bb type=\u00bbgrid\u00bb angled_section=\u00bbno\u00bb text_align=\u00bbcenter\u00bb background_image_as_pattern=\u00bbwithout_pattern\u00bb padding_bottom=\u00bb50&#8243; z_index=\u00bb\u00bb el_class=\u00bbproductos\u00bb][vc_column width=\u00bb1\/4&#8243;][vc_single_image image=\u00bb1266&#8243; img_size=\u00bbfull\u00bb alignment=\u00bbcenter\u00bb...\" \/>\n<meta property=\"og:url\" content=\"https:\/\/www.tallers-soteras.com\/es\/productos\/\" \/>\n<meta property=\"og:site_name\" content=\"Tallers Soteras\" \/>\n<meta property=\"article:modified_time\" content=\"2020-11-26T13:34:14+00:00\" \/>\n<meta name=\"twitter:card\" content=\"summary_large_image\" \/>\n<meta name=\"twitter:label1\" content=\"Tiempo de lectura\" \/>\n\t<meta name=\"twitter:data1\" content=\"7 minutos\" \/>\n<script type=\"application\/ld+json\" class=\"yoast-schema-graph\">{\"@context\":\"https:\\\/\\\/schema.org\",\"@graph\":[{\"@type\":\"WebPage\",\"@id\":\"https:\\\/\\\/www.tallers-soteras.com\\\/es\\\/productos\\\/\",\"url\":\"https:\\\/\\\/www.tallers-soteras.com\\\/es\\\/productos\\\/\",\"name\":\"Productos - Tallers Soteras\",\"isPartOf\":{\"@id\":\"https:\\\/\\\/www.tallers-soteras.com\\\/#website\"},\"datePublished\":\"2018-06-03T21:52:29+00:00\",\"dateModified\":\"2020-11-26T13:34:14+00:00\",\"breadcrumb\":{\"@id\":\"https:\\\/\\\/www.tallers-soteras.com\\\/es\\\/productos\\\/#breadcrumb\"},\"inLanguage\":\"es\",\"potentialAction\":[{\"@type\":\"ReadAction\",\"target\":[\"https:\\\/\\\/www.tallers-soteras.com\\\/es\\\/productos\\\/\"]}]},{\"@type\":\"BreadcrumbList\",\"@id\":\"https:\\\/\\\/www.tallers-soteras.com\\\/es\\\/productos\\\/#breadcrumb\",\"itemListElement\":[{\"@type\":\"ListItem\",\"position\":1,\"name\":\"Inici\",\"item\":\"https:\\\/\\\/www.tallers-soteras.com\\\/es\\\/\"},{\"@type\":\"ListItem\",\"position\":2,\"name\":\"Productos\"}]},{\"@type\":\"WebSite\",\"@id\":\"https:\\\/\\\/www.tallers-soteras.com\\\/#website\",\"url\":\"https:\\\/\\\/www.tallers-soteras.com\\\/\",\"name\":\"Tallers Soteras\",\"description\":\"\",\"potentialAction\":[{\"@type\":\"SearchAction\",\"target\":{\"@type\":\"EntryPoint\",\"urlTemplate\":\"https:\\\/\\\/www.tallers-soteras.com\\\/?s={search_term_string}\"},\"query-input\":{\"@type\":\"PropertyValueSpecification\",\"valueRequired\":true,\"valueName\":\"search_term_string\"}}],\"inLanguage\":\"es\"}]}<\/script>\n<!-- \/ Yoast SEO plugin. -->","yoast_head_json":{"title":"Productos - Tallers Soteras","robots":{"index":"index","follow":"follow","max-snippet":"max-snippet:-1","max-image-preview":"max-image-preview:large","max-video-preview":"max-video-preview:-1"},"canonical":"https:\/\/www.tallers-soteras.com\/es\/productos\/","og_locale":"es_ES","og_type":"article","og_title":"Productos - Tallers Soteras","og_description":"[vc_row css_animation=\u00bbelement_from_fade\u00bb row_type=\u00bbrow\u00bb use_row_as_full_screen_section=\u00bbno\u00bb type=\u00bbgrid\u00bb angled_section=\u00bbno\u00bb text_align=\u00bbcenter\u00bb background_image_as_pattern=\u00bbwithout_pattern\u00bb padding_top=\u00bb60&#8243; padding_bottom=\u00bb50&#8243; z_index=\u00bb\u00bb][vc_column][vc_column_text el_class=\u00bbsection_title\u00bb] Tallers Soteras, fabricantes de maquinaria para la industria del papel EXPERTOS EN CONSTRUCCI\u00d3N DE MAQUINARIA MODERNA Y ARTESANAL [\/vc_column_text][\/vc_column][\/vc_row][vc_row css_animation=\u00bbelement_from_fade\u00bb row_type=\u00bbrow\u00bb use_row_as_full_screen_section=\u00bbno\u00bb type=\u00bbgrid\u00bb angled_section=\u00bbno\u00bb text_align=\u00bbcenter\u00bb background_image_as_pattern=\u00bbwithout_pattern\u00bb padding_bottom=\u00bb50&#8243; z_index=\u00bb\u00bb el_class=\u00bbproductos\u00bb][vc_column width=\u00bb1\/4&#8243;][vc_single_image image=\u00bb1266&#8243; img_size=\u00bbfull\u00bb alignment=\u00bbcenter\u00bb...","og_url":"https:\/\/www.tallers-soteras.com\/es\/productos\/","og_site_name":"Tallers Soteras","article_modified_time":"2020-11-26T13:34:14+00:00","twitter_card":"summary_large_image","twitter_misc":{"Tiempo de lectura":"7 minutos"},"schema":{"@context":"https:\/\/schema.org","@graph":[{"@type":"WebPage","@id":"https:\/\/www.tallers-soteras.com\/es\/productos\/","url":"https:\/\/www.tallers-soteras.com\/es\/productos\/","name":"Productos - Tallers Soteras","isPartOf":{"@id":"https:\/\/www.tallers-soteras.com\/#website"},"datePublished":"2018-06-03T21:52:29+00:00","dateModified":"2020-11-26T13:34:14+00:00","breadcrumb":{"@id":"https:\/\/www.tallers-soteras.com\/es\/productos\/#breadcrumb"},"inLanguage":"es","potentialAction":[{"@type":"ReadAction","target":["https:\/\/www.tallers-soteras.com\/es\/productos\/"]}]},{"@type":"BreadcrumbList","@id":"https:\/\/www.tallers-soteras.com\/es\/productos\/#breadcrumb","itemListElement":[{"@type":"ListItem","position":1,"name":"Inici","item":"https:\/\/www.tallers-soteras.com\/es\/"},{"@type":"ListItem","position":2,"name":"Productos"}]},{"@type":"WebSite","@id":"https:\/\/www.tallers-soteras.com\/#website","url":"https:\/\/www.tallers-soteras.com\/","name":"Tallers Soteras","description":"","potentialAction":[{"@type":"SearchAction","target":{"@type":"EntryPoint","urlTemplate":"https:\/\/www.tallers-soteras.com\/?s={search_term_string}"},"query-input":{"@type":"PropertyValueSpecification","valueRequired":true,"valueName":"search_term_string"}}],"inLanguage":"es"}]}},"_links":{"self":[{"href":"https:\/\/www.tallers-soteras.com\/es\/wp-json\/wp\/v2\/pages\/112","targetHints":{"allow":["GET"]}}],"collection":[{"href":"https:\/\/www.tallers-soteras.com\/es\/wp-json\/wp\/v2\/pages"}],"about":[{"href":"https:\/\/www.tallers-soteras.com\/es\/wp-json\/wp\/v2\/types\/page"}],"author":[{"embeddable":true,"href":"https:\/\/www.tallers-soteras.com\/es\/wp-json\/wp\/v2\/users\/1"}],"replies":[{"embeddable":true,"href":"https:\/\/www.tallers-soteras.com\/es\/wp-json\/wp\/v2\/comments?post=112"}],"version-history":[{"count":44,"href":"https:\/\/www.tallers-soteras.com\/es\/wp-json\/wp\/v2\/pages\/112\/revisions"}],"predecessor-version":[{"id":1330,"href":"https:\/\/www.tallers-soteras.com\/es\/wp-json\/wp\/v2\/pages\/112\/revisions\/1330"}],"wp:attachment":[{"href":"https:\/\/www.tallers-soteras.com\/es\/wp-json\/wp\/v2\/media?parent=112"}],"curies":[{"name":"wp","href":"https:\/\/api.w.org\/{rel}","templated":true}]}}