{"id":124,"date":"2018-06-04T22:08:21","date_gmt":"2018-06-04T20:08:21","guid":{"rendered":"https:\/\/www.tallers-soteras.com\/?page_id=124"},"modified":"2020-05-12T16:07:09","modified_gmt":"2020-05-12T14:07:09","slug":"servicios","status":"publish","type":"page","link":"https:\/\/www.tallers-soteras.com\/es\/servicios\/","title":{"rendered":"Servicios"},"content":{"rendered":"<p>[vc_row css_animation=\u00bbelement_from_fade\u00bb row_type=\u00bbrow\u00bb use_row_as_full_screen_section=\u00bbno\u00bb type=\u00bbgrid\u00bb angled_section=\u00bbno\u00bb text_align=\u00bbcenter\u00bb background_image_as_pattern=\u00bbwithout_pattern\u00bb padding_top=\u00bb60&#8243; padding_bottom=\u00bb20&#8243; z_index=\u00bb\u00bb][vc_column][vc_column_text el_class=\u00bbsection_title\u00bb]<\/p>\n<h1 style=\"text-align: center;\">Tallers Soteras, fabricantes de maquinaria para la industria del papel<\/h1>\n<p style=\"text-align: center;\">CONOCE NUESTROS SERVICIOS<\/p>\n<p>[\/vc_column_text][\/vc_column][\/vc_row][vc_row css_animation=\u00bbelement_from_fade\u00bb row_type=\u00bbrow\u00bb use_row_as_full_screen_section=\u00bbno\u00bb type=\u00bbgrid\u00bb angled_section=\u00bbno\u00bb text_align=\u00bbleft\u00bb background_image_as_pattern=\u00bbwithout_pattern\u00bb padding_top=\u00bb20&#8243; z_index=\u00bb\u00bb el_class=\u00bbserveis_info\u00bb][vc_column width=\u00bb1\/2&#8243;][vc_single_image image=\u00bb607&#8243; img_size=\u00bbfull\u00bb qode_css_animation=\u00bb\u00bb][vc_separator type=\u00bbtransparent\u00bb up=\u00bb15&#8243;][\/vc_column][vc_column width=\u00bb1\/2&#8243;][vc_column_text]<\/p>\n<h3>INGENIER\u00cdA<\/h3>\n<p>Asesor acreditado por ACCI\u00d3- Ag\u00e8ncia per la Competitivitat de l\u2019Empresa (Generalitat de Catalunya) en las \u00e1reas de Tecnolog\u00eda y Concepto y dise\u00f1o de producto. Ayudamos al cliente en la toma de decisiones sobre las mejores soluciones tecnol\u00f3gicas y la optimizaci\u00f3n de procesos. Desarrollo de la idea, redacci\u00f3n de anteproyectos. Elaboraci\u00f3n, planificaci\u00f3n, direcci\u00f3n y ejecuci\u00f3n de proyectos llave en mano.[\/vc_column_text][vc_separator type=\u00bbtransparent\u00bb up=\u00bb15&#8243;][vc_row_inner row_type=\u00bbrow\u00bb type=\u00bbfull_width\u00bb text_align=\u00bbleft\u00bb css_animation=\u00bb\u00bb][vc_column_inner]<a  itemprop=\"url\" href=\"https:\/\/www.tallers-soteras.com\/es\/contacta\/\" target=\"_self\"  class=\"qbutton  default\" style=\"margin: 0px 0px 0px 30px; \">PETICI\u00d3N DE PRESUPUESTO<\/a>[\/vc_column_inner][\/vc_row_inner][\/vc_column][\/vc_row][vc_row css_animation=\u00bbelement_from_fade\u00bb row_type=\u00bbrow\u00bb use_row_as_full_screen_section=\u00bbno\u00bb type=\u00bbgrid\u00bb angled_section=\u00bbno\u00bb text_align=\u00bbleft\u00bb background_image_as_pattern=\u00bbwithout_pattern\u00bb padding_top=\u00bb20&#8243; z_index=\u00bb\u00bb el_class=\u00bbserveis_info\u00bb][vc_column width=\u00bb1\/2&#8243;][vc_separator type=\u00bbtransparent\u00bb up=\u00bb30&#8243;][vc_column_text]<\/p>\n<h3>CONSTRUCCI\u00d3N DE MAQUINARIA Y CALDERER\u00cdA<\/h3>\n<p>Oficina t\u00e9cnica con zona de prototipos, dibujo asistido, impresora 3D. Disponemos de 1.500 m<sup>2<\/sup> de instalaciones con capacidad para fabricar maquinaria de grandes dimensiones. La empresa est\u00e1 equipada con m\u00e1quinas de control num\u00e9rico, gr\u00faas para mover piezas de gran formato (hasta 10T) y secciones de mecanizaci\u00f3n y calderer\u00eda. .[\/vc_column_text][vc_separator type=\u00bbtransparent\u00bb up=\u00bb15&#8243;][vc_row_inner row_type=\u00bbrow\u00bb type=\u00bbfull_width\u00bb text_align=\u00bbleft\u00bb css_animation=\u00bb\u00bb][vc_column_inner]<a  itemprop=\"url\" href=\"https:\/\/www.tallers-soteras.com\/es\/contacta\/\" target=\"_self\"  class=\"qbutton  default\" style=\"margin: 0px 0px 0px 30px; \">PETICI\u00d3N DE PRESUPUESTO<\/a>[\/vc_column_inner][\/vc_row_inner][vc_separator type=\u00bbtransparent\u00bb up=\u00bb15&#8243;][\/vc_column][vc_column width=\u00bb1\/2&#8243;][vc_gallery interval=\u00bb3&#8243; images=\u00bb367,368,369,371,454,373,372,370&#8243; img_size=\u00bblarge\u00bb][\/vc_column][\/vc_row][vc_row css_animation=\u00bbelement_from_fade\u00bb row_type=\u00bbrow\u00bb use_row_as_full_screen_section=\u00bbno\u00bb type=\u00bbgrid\u00bb angled_section=\u00bbno\u00bb text_align=\u00bbleft\u00bb background_image_as_pattern=\u00bbwithout_pattern\u00bb padding_top=\u00bb20&#8243; z_index=\u00bb\u00bb el_class=\u00bbserveis_info\u00bb][vc_column width=\u00bb1\/2&#8243;][vc_single_image image=\u00bb388&#8243; img_size=\u00bbfull\u00bb qode_css_animation=\u00bb\u00bb][\/vc_column][vc_column width=\u00bb1\/2&#8243;][vc_separator type=\u00bbtransparent\u00bb up=\u00bb30&#8243;][vc_column_text]<\/p>\n<h3>PARTNER EMPRESARIAL<\/h3>\n<p>Ofrecemos la posibilidad de acompa\u00f1ar al cliente en aspectos clave en que podamos implicarnos y compromiso en fomentar el \u00e9xito conjunto. Establecer una relaci\u00f3n de alianza, de complemento a partir de unos intereses comunes. Asesor acreditado por ACCI\u00d3 en las \u00e1reas de Tecnolog\u00eda y Concepto y dise\u00f1o del producto. [\/vc_column_text][vc_separator type=\u00bbtransparent\u00bb up=\u00bb15&#8243;][vc_row_inner row_type=\u00bbrow\u00bb type=\u00bbfull_width\u00bb text_align=\u00bbleft\u00bb css_animation=\u00bb\u00bb][vc_column_inner]<a  itemprop=\"url\" href=\"https:\/\/www.tallers-soteras.com\/es\/contacta\/\" target=\"_self\"  class=\"qbutton  default\" style=\"margin: 0px 0px 0px 30px; \">PETICI\u00d3N DE PRESUPUESTO<\/a>[\/vc_column_inner][\/vc_row_inner][\/vc_column][\/vc_row][vc_row css_animation=\u00bbelement_from_fade\u00bb row_type=\u00bbrow\u00bb use_row_as_full_screen_section=\u00bbno\u00bb type=\u00bbgrid\u00bb angled_section=\u00bbno\u00bb text_align=\u00bbleft\u00bb background_image_as_pattern=\u00bbwithout_pattern\u00bb padding_top=\u00bb20&#8243; z_index=\u00bb\u00bb el_class=\u00bbserveis_info\u00bb][vc_column width=\u00bb1\/2&#8243;][vc_separator type=\u00bbtransparent\u00bb up=\u00bb30&#8243;][vc_column_text]<\/p>\n<h3>MONTAJE E INSTALACI\u00d3N<\/h3>\n<p>Disponemos de personal especializado en montajes e instalaciones de m\u00e1quinas o l\u00edneas nuevas llave en mano. Tambi\u00e9n para hacer ajustes en instalaciones que est\u00e1n en funcionamiento. Planes de mantenimientos preventivos y activos. [\/vc_column_text][vc_separator type=\u00bbtransparent\u00bb up=\u00bb15&#8243;][vc_row_inner row_type=\u00bbrow\u00bb type=\u00bbfull_width\u00bb text_align=\u00bbleft\u00bb css_animation=\u00bb\u00bb][vc_column_inner]<a  itemprop=\"url\" href=\"https:\/\/www.tallers-soteras.com\/es\/contacta\/\" target=\"_self\"  class=\"qbutton  default\" style=\"margin: 0px 0px 0px 30px; \">PETICI\u00d3N DE PRESUPUESTO<\/a>[\/vc_column_inner][\/vc_row_inner][vc_separator type=\u00bbtransparent\u00bb up=\u00bb15&#8243;][\/vc_column][vc_column width=\u00bb1\/2&#8243;][vc_single_image image=\u00bb608&#8243; img_size=\u00bbfull\u00bb qode_css_animation=\u00bb\u00bb][vc_separator type=\u00bbtransparent\u00bb up=\u00bb15&#8243;][\/vc_column][\/vc_row][vc_row css_animation=\u00bbelement_from_fade\u00bb row_type=\u00bbrow\u00bb use_row_as_full_screen_section=\u00bbno\u00bb type=\u00bbgrid\u00bb angled_section=\u00bbno\u00bb text_align=\u00bbleft\u00bb background_image_as_pattern=\u00bbwithout_pattern\u00bb padding_top=\u00bb20&#8243; z_index=\u00bb\u00bb el_class=\u00bbserveis_info\u00bb][vc_column width=\u00bb1\/2&#8243;][vc_single_image image=\u00bb609&#8243; img_size=\u00bbfull\u00bb qode_css_animation=\u00bb\u00bb][\/vc_column][vc_column width=\u00bb1\/2&#8243;][vc_separator type=\u00bbtransparent\u00bb up=\u00bb30&#8243;][vc_column_text]<\/p>\n<h3>MANTENIMIENTO INDUSTRIAL<\/h3>\n<p>Servicio de mantenimiento industrial. Operaciones de mantenimiento preventivo y correctivo de m\u00e1quinas y sistemas mec\u00e1nicos. Revisi\u00f3n de zonas, localizaci\u00f3n e identificaci\u00f3n de aver\u00edas y anomal\u00edas de funcionamiento. Restauraci\u00f3n y construcci\u00f3n de piezas de recambio. Puestas a punto. Verificaci\u00f3n de los trabajos.<\/p>\n<p>[\/vc_column_text][vc_separator type=\u00bbtransparent\u00bb up=\u00bb15&#8243;][vc_row_inner row_type=\u00bbrow\u00bb type=\u00bbfull_width\u00bb text_align=\u00bbleft\u00bb css_animation=\u00bb\u00bb][vc_column_inner]<a  itemprop=\"url\" href=\"https:\/\/www.tallers-soteras.com\/es\/contacta\/\" target=\"_self\"  class=\"qbutton  default\" style=\"margin: 0px 0px 0px 30px; \">PETICI\u00d3N DE PRESUPUESTO<\/a>[\/vc_column_inner][\/vc_row_inner][\/vc_column][\/vc_row][vc_row css_animation=\u00bb\u00bb row_type=\u00bbrow\u00bb use_row_as_full_screen_section=\u00bbno\u00bb type=\u00bbfull_width\u00bb angled_section=\u00bbno\u00bb text_align=\u00bbleft\u00bb background_image_as_pattern=\u00bbwithout_pattern\u00bb][vc_column][vc_separator type=\u00bbtransparent\u00bb up=\u00bb60&#8243;][\/vc_column][\/vc_row]<\/p>\n","protected":false},"excerpt":{"rendered":"<p>[vc_row css_animation=\u00bbelement_from_fade\u00bb row_type=\u00bbrow\u00bb use_row_as_full_screen_section=\u00bbno\u00bb type=\u00bbgrid\u00bb angled_section=\u00bbno\u00bb text_align=\u00bbcenter\u00bb background_image_as_pattern=\u00bbwithout_pattern\u00bb padding_top=\u00bb60&#8243; padding_bottom=\u00bb20&#8243; z_index=\u00bb\u00bb][vc_column][vc_column_text el_class=\u00bbsection_title\u00bb] Tallers Soteras, fabricantes de maquinaria para la industria del papel CONOCE NUESTROS SERVICIOS [\/vc_column_text][\/vc_column][\/vc_row][vc_row css_animation=\u00bbelement_from_fade\u00bb row_type=\u00bbrow\u00bb use_row_as_full_screen_section=\u00bbno\u00bb type=\u00bbgrid\u00bb angled_section=\u00bbno\u00bb text_align=\u00bbleft\u00bb background_image_as_pattern=\u00bbwithout_pattern\u00bb padding_top=\u00bb20&#8243; z_index=\u00bb\u00bb el_class=\u00bbserveis_info\u00bb][vc_column width=\u00bb1\/2&#8243;][vc_single_image image=\u00bb607&#8243; img_size=\u00bbfull\u00bb qode_css_animation=\u00bb\u00bb][vc_separator type=\u00bbtransparent\u00bb up=\u00bb15&#8243;][\/vc_column][vc_column width=\u00bb1\/2&#8243;][vc_column_text] INGENIER\u00cdA Asesor&#8230;<\/p>\n","protected":false},"author":1,"featured_media":0,"parent":0,"menu_order":0,"comment_status":"closed","ping_status":"closed","template":"full_width.php","meta":[],"yoast_head":"<!-- This site is optimized with the Yoast SEO plugin v18.1 - https:\/\/yoast.com\/wordpress\/plugins\/seo\/ -->\n<meta name=\"robots\" content=\"index, follow, max-snippet:-1, max-image-preview:large, max-video-preview:-1\" \/>\n<link rel=\"canonical\" href=\"https:\/\/www.tallers-soteras.com\/es\/servicios\/\" \/>\n<meta property=\"og:locale\" content=\"es_ES\" \/>\n<meta property=\"og:type\" content=\"article\" \/>\n<meta property=\"og:title\" content=\"Servicios - Tallers Soteras\" \/>\n<meta property=\"og:description\" content=\"[vc_row css_animation=\u00bbelement_from_fade\u00bb row_type=\u00bbrow\u00bb use_row_as_full_screen_section=\u00bbno\u00bb type=\u00bbgrid\u00bb angled_section=\u00bbno\u00bb text_align=\u00bbcenter\u00bb background_image_as_pattern=\u00bbwithout_pattern\u00bb padding_top=\u00bb60&#8243; padding_bottom=\u00bb20&#8243; z_index=\u00bb\u00bb][vc_column][vc_column_text el_class=\u00bbsection_title\u00bb] Tallers Soteras, fabricantes de maquinaria para la industria del papel CONOCE NUESTROS SERVICIOS [\/vc_column_text][\/vc_column][\/vc_row][vc_row css_animation=\u00bbelement_from_fade\u00bb row_type=\u00bbrow\u00bb use_row_as_full_screen_section=\u00bbno\u00bb type=\u00bbgrid\u00bb angled_section=\u00bbno\u00bb text_align=\u00bbleft\u00bb background_image_as_pattern=\u00bbwithout_pattern\u00bb padding_top=\u00bb20&#8243; z_index=\u00bb\u00bb el_class=\u00bbserveis_info\u00bb][vc_column width=\u00bb1\/2&#8243;][vc_single_image image=\u00bb607&#8243; img_size=\u00bbfull\u00bb qode_css_animation=\u00bb\u00bb][vc_separator type=\u00bbtransparent\u00bb up=\u00bb15&#8243;][\/vc_column][vc_column width=\u00bb1\/2&#8243;][vc_column_text] INGENIER\u00cdA Asesor...\" \/>\n<meta property=\"og:url\" content=\"https:\/\/www.tallers-soteras.com\/es\/servicios\/\" \/>\n<meta property=\"og:site_name\" content=\"Tallers Soteras\" \/>\n<meta property=\"article:modified_time\" content=\"2020-05-12T14:07:09+00:00\" \/>\n<meta name=\"twitter:card\" content=\"summary_large_image\" \/>\n<meta name=\"twitter:label1\" content=\"Tiempo de lectura\" \/>\n\t<meta name=\"twitter:data1\" content=\"5 minutos\" \/>\n<script type=\"application\/ld+json\" class=\"yoast-schema-graph\">{\"@context\":\"https:\/\/schema.org\",\"@graph\":[{\"@type\":\"WebSite\",\"@id\":\"https:\/\/www.tallers-soteras.com\/#website\",\"url\":\"https:\/\/www.tallers-soteras.com\/\",\"name\":\"Tallers Soteras\",\"description\":\"\",\"potentialAction\":[{\"@type\":\"SearchAction\",\"target\":{\"@type\":\"EntryPoint\",\"urlTemplate\":\"https:\/\/www.tallers-soteras.com\/?s={search_term_string}\"},\"query-input\":\"required name=search_term_string\"}],\"inLanguage\":\"es\"},{\"@type\":\"WebPage\",\"@id\":\"https:\/\/www.tallers-soteras.com\/es\/servicios\/#webpage\",\"url\":\"https:\/\/www.tallers-soteras.com\/es\/servicios\/\",\"name\":\"Servicios - Tallers Soteras\",\"isPartOf\":{\"@id\":\"https:\/\/www.tallers-soteras.com\/#website\"},\"datePublished\":\"2018-06-04T20:08:21+00:00\",\"dateModified\":\"2020-05-12T14:07:09+00:00\",\"breadcrumb\":{\"@id\":\"https:\/\/www.tallers-soteras.com\/es\/servicios\/#breadcrumb\"},\"inLanguage\":\"es\",\"potentialAction\":[{\"@type\":\"ReadAction\",\"target\":[\"https:\/\/www.tallers-soteras.com\/es\/servicios\/\"]}]},{\"@type\":\"BreadcrumbList\",\"@id\":\"https:\/\/www.tallers-soteras.com\/es\/servicios\/#breadcrumb\",\"itemListElement\":[{\"@type\":\"ListItem\",\"position\":1,\"name\":\"Inici\",\"item\":\"https:\/\/www.tallers-soteras.com\/es\/\"},{\"@type\":\"ListItem\",\"position\":2,\"name\":\"Servicios\"}]}]}<\/script>\n<!-- \/ Yoast SEO plugin. -->","yoast_head_json":{"robots":{"index":"index","follow":"follow","max-snippet":"max-snippet:-1","max-image-preview":"max-image-preview:large","max-video-preview":"max-video-preview:-1"},"canonical":"https:\/\/www.tallers-soteras.com\/es\/servicios\/","og_locale":"es_ES","og_type":"article","og_title":"Servicios - Tallers Soteras","og_description":"[vc_row css_animation=\u00bbelement_from_fade\u00bb row_type=\u00bbrow\u00bb use_row_as_full_screen_section=\u00bbno\u00bb type=\u00bbgrid\u00bb angled_section=\u00bbno\u00bb text_align=\u00bbcenter\u00bb background_image_as_pattern=\u00bbwithout_pattern\u00bb padding_top=\u00bb60&#8243; padding_bottom=\u00bb20&#8243; z_index=\u00bb\u00bb][vc_column][vc_column_text el_class=\u00bbsection_title\u00bb] Tallers Soteras, fabricantes de maquinaria para la industria del papel CONOCE NUESTROS SERVICIOS [\/vc_column_text][\/vc_column][\/vc_row][vc_row css_animation=\u00bbelement_from_fade\u00bb row_type=\u00bbrow\u00bb use_row_as_full_screen_section=\u00bbno\u00bb type=\u00bbgrid\u00bb angled_section=\u00bbno\u00bb text_align=\u00bbleft\u00bb background_image_as_pattern=\u00bbwithout_pattern\u00bb padding_top=\u00bb20&#8243; z_index=\u00bb\u00bb el_class=\u00bbserveis_info\u00bb][vc_column width=\u00bb1\/2&#8243;][vc_single_image image=\u00bb607&#8243; img_size=\u00bbfull\u00bb qode_css_animation=\u00bb\u00bb][vc_separator type=\u00bbtransparent\u00bb up=\u00bb15&#8243;][\/vc_column][vc_column width=\u00bb1\/2&#8243;][vc_column_text] INGENIER\u00cdA Asesor...","og_url":"https:\/\/www.tallers-soteras.com\/es\/servicios\/","og_site_name":"Tallers Soteras","article_modified_time":"2020-05-12T14:07:09+00:00","twitter_card":"summary_large_image","twitter_misc":{"Tiempo de lectura":"5 minutos"},"schema":{"@context":"https:\/\/schema.org","@graph":[{"@type":"WebSite","@id":"https:\/\/www.tallers-soteras.com\/#website","url":"https:\/\/www.tallers-soteras.com\/","name":"Tallers Soteras","description":"","potentialAction":[{"@type":"SearchAction","target":{"@type":"EntryPoint","urlTemplate":"https:\/\/www.tallers-soteras.com\/?s={search_term_string}"},"query-input":"required name=search_term_string"}],"inLanguage":"es"},{"@type":"WebPage","@id":"https:\/\/www.tallers-soteras.com\/es\/servicios\/#webpage","url":"https:\/\/www.tallers-soteras.com\/es\/servicios\/","name":"Servicios - Tallers Soteras","isPartOf":{"@id":"https:\/\/www.tallers-soteras.com\/#website"},"datePublished":"2018-06-04T20:08:21+00:00","dateModified":"2020-05-12T14:07:09+00:00","breadcrumb":{"@id":"https:\/\/www.tallers-soteras.com\/es\/servicios\/#breadcrumb"},"inLanguage":"es","potentialAction":[{"@type":"ReadAction","target":["https:\/\/www.tallers-soteras.com\/es\/servicios\/"]}]},{"@type":"BreadcrumbList","@id":"https:\/\/www.tallers-soteras.com\/es\/servicios\/#breadcrumb","itemListElement":[{"@type":"ListItem","position":1,"name":"Inici","item":"https:\/\/www.tallers-soteras.com\/es\/"},{"@type":"ListItem","position":2,"name":"Servicios"}]}]}},"_links":{"self":[{"href":"https:\/\/www.tallers-soteras.com\/es\/wp-json\/wp\/v2\/pages\/124"}],"collection":[{"href":"https:\/\/www.tallers-soteras.com\/es\/wp-json\/wp\/v2\/pages"}],"about":[{"href":"https:\/\/www.tallers-soteras.com\/es\/wp-json\/wp\/v2\/types\/page"}],"author":[{"embeddable":true,"href":"https:\/\/www.tallers-soteras.com\/es\/wp-json\/wp\/v2\/users\/1"}],"replies":[{"embeddable":true,"href":"https:\/\/www.tallers-soteras.com\/es\/wp-json\/wp\/v2\/comments?post=124"}],"version-history":[{"count":37,"href":"https:\/\/www.tallers-soteras.com\/es\/wp-json\/wp\/v2\/pages\/124\/revisions"}],"predecessor-version":[{"id":1103,"href":"https:\/\/www.tallers-soteras.com\/es\/wp-json\/wp\/v2\/pages\/124\/revisions\/1103"}],"wp:attachment":[{"href":"https:\/\/www.tallers-soteras.com\/es\/wp-json\/wp\/v2\/media?parent=124"}],"curies":[{"name":"wp","href":"https:\/\/api.w.org\/{rel}","templated":true}]}}