{"id":7,"date":"2018-06-01T15:13:23","date_gmt":"2018-06-01T15:13:23","guid":{"rendered":"https:\/\/www.tallers-soteras.com\/?page_id=7"},"modified":"2024-01-22T10:03:00","modified_gmt":"2024-01-22T09:03:00","slug":"inicio","status":"publish","type":"page","link":"https:\/\/www.tallers-soteras.com\/es\/","title":{"rendered":"Inicio"},"content":{"rendered":"<div class=\"wpb-content-wrapper\"><p>[vc_row css_animation=\u00bb\u00bb row_type=\u00bbrow\u00bb use_row_as_full_screen_section=\u00bbno\u00bb type=\u00bbfull_width\u00bb angled_section=\u00bbno\u00bb text_align=\u00bbleft\u00bb background_image_as_pattern=\u00bbwithout_pattern\u00bb][vc_column][rev_slider_vc alias=\u00bbhomeES\u00bb][\/vc_column][\/vc_row][vc_row css_animation=\u00bbelement_from_fade\u00bb row_type=\u00bbrow\u00bb use_row_as_full_screen_section=\u00bbno\u00bb type=\u00bbgrid\u00bb angled_section=\u00bbno\u00bb text_align=\u00bbleft\u00bb background_image_as_pattern=\u00bbwithout_pattern\u00bb background_color=\u00bb#818d6b\u00bb padding_top=\u00bb20&#8243; padding_bottom=\u00bb10&#8243; z_index=\u00bb\u00bb el_class=\u00bbhome_icons\u00bb][vc_column width=\u00bb1\/4&#8243;]<div class=\"image_with_text\"><img decoding=\"async\" itemprop=\"image\" src=\"https:\/\/www.tallers-soteras.com\/wp-content\/uploads\/2018\/06\/icon1.png\" alt=\"TRATO PERSONALIZADO Y PR\u00d3XIMO AL CLIENTE\" \/><h6  class=\"image_with_text_title\">TRATO PERSONALIZADO Y PR\u00d3XIMO AL CLIENTE<\/h6><span style=\"margin: 6px 0px;\" class=\"separator transparent\"><\/span><\/div>[\/vc_column][vc_column width=\u00bb1\/4&#8243;]<div class=\"image_with_text\"><img decoding=\"async\" itemprop=\"image\" src=\"https:\/\/www.tallers-soteras.com\/wp-content\/uploads\/2018\/10\/talleres-soteras-icon2.png\" alt=\"PROYECTOS ARTESANALES Y DE PRIMERA CALIDAD\" \/><h6  class=\"image_with_text_title\">PROYECTOS ARTESANALES Y DE PRIMERA CALIDAD<\/h6><span style=\"margin: 6px 0px;\" class=\"separator transparent\"><\/span><\/div>[\/vc_column][vc_column width=\u00bb1\/4&#8243;]<div class=\"image_with_text\"><img decoding=\"async\" itemprop=\"image\" src=\"https:\/\/www.tallers-soteras.com\/wp-content\/uploads\/2018\/10\/talleres-soteras-icon3.png\" alt=\"M\u00c1S DE 150 A\u00d1OS DE EXPERIENCIA EN EL MUNDO DEL PAPEL\" \/><h6  class=\"image_with_text_title\">M\u00c1S DE 150 A\u00d1OS DE EXPERIENCIA EN EL MUNDO DEL PAPEL<\/h6><span style=\"margin: 6px 0px;\" class=\"separator transparent\"><\/span><\/div>[\/vc_column][vc_column width=\u00bb1\/4&#8243;]<div class=\"image_with_text\"><img decoding=\"async\" itemprop=\"image\" src=\"https:\/\/www.tallers-soteras.com\/wp-content\/uploads\/2018\/10\/talleres-soteras-icon4.png\" alt=\"CONSERVAMOS EL PASADO, NOS ADAPTAMOS AL FUTURO\" \/><h6  class=\"image_with_text_title\">CONSERVAMOS EL PASADO, NOS ADAPTAMOS AL FUTURO<\/h6><span style=\"margin: 6px 0px;\" class=\"separator transparent\"><\/span><\/div>[\/vc_column][\/vc_row][vc_row css_animation=\u00bb\u00bb row_type=\u00bbrow\u00bb use_row_as_full_screen_section=\u00bbno\u00bb type=\u00bbfull_width\u00bb angled_section=\u00bbno\u00bb text_align=\u00bbleft\u00bb background_image_as_pattern=\u00bbwithout_pattern\u00bb el_class=\u00bbnewsletter_wrapper\u00bb z_index=\u00bb\u00bb][vc_column][vc_raw_html]JTVCY29udGFjdC1mb3JtLTclMjBpZCUzRCUyMjkxNyUyMiUyMHRpdGxlJTNEJTIyTmV3c2xldHRlciUyMEVTJTIyJTVE[\/vc_raw_html][\/vc_column][\/vc_row][vc_row css_animation=\u00bbelement_from_fade\u00bb row_type=\u00bbrow\u00bb use_row_as_full_screen_section=\u00bbno\u00bb type=\u00bbgrid\u00bb angled_section=\u00bbno\u00bb text_align=\u00bbcenter\u00bb background_image_as_pattern=\u00bbwithout_pattern\u00bb padding_top=\u00bb60&#8243; padding_bottom=\u00bb70&#8243; z_index=\u00bb\u00bb][vc_column][vc_column_text el_class=\u00bbsection_title\u00bb]<\/p>\n<h1 style=\"text-align: center;\">Tallers Soteras, fabricantes de maquinaria para la industria del papel<\/h1>\n<p style=\"text-align: center;\">EXPERTOS EN CONSTRUCCI\u00d3N DE MAQUINARIA MODERNA Y ARTESANAL<\/p>\n<p>[\/vc_column_text][vc_column_text el_class=\u00bbhome_intro\u00bb]<\/p>\n<p style=\"text-align: center;\">M\u00e1s de 150 a\u00f1os de experiencia en proyectos de construcci\u00f3n, reformas y modificaciones de maquinaria.<\/p>\n<p style=\"text-align: center;\">Asesoramiento y elaboraci\u00f3n de estudios, fabricaci\u00f3n de m\u00e1quinas a medida.<\/p>\n<p style=\"text-align: center;\">Empresa acreditada por ACCI\u00d3-Ag\u00e8ncia per la Competitivitat de l\u2019Empresa.<\/p>\n<p style=\"text-align: center;\">Servicios de mantenimiento industrial.<\/p>\n<p style=\"text-align: center;\">Secci\u00f3n de artesan\u00eda del papel: construcci\u00f3n de pilas holandesas, t\u00f3rculos, proyectos y m\u00e1quinas artesanas a medida.<\/p>\n<p>[\/vc_column_text][vc_separator type=\u00bbtransparent\u00bb up=\u00bb40&#8243;][vc_column_text el_class=\u00bbhome_fabriquem_title\u00bb]<\/p>\n<p style=\"text-align: center;\">FABRICAMOS MAQUINARIA PAPELERA<\/p>\n<p>[\/vc_column_text][vc_single_image image=\u00bb33&#8243; img_size=\u00bbfull\u00bb alignment=\u00bbcenter\u00bb qode_css_animation=\u00bb\u00bb el_class=\u00bbhome_fabriquem_arrow\u00bb][vc_column_text el_class=\u00bbhome_fabriquem\u00bb]<\/p>\n<ul>\n<li>PULPERS<\/li>\n<li>DEPURADORES<\/li>\n<li>SEPARADORES<\/li>\n<li>DEPURADORES PLANOS<\/li>\n<li>DESPASTILLADORES<\/li>\n<li>CLASIFICADORES<\/li>\n<li>REFINADORES<\/li>\n<li>DEP\u00d3SITOS<\/li>\n<li>FORMAS REDONDAS<\/li>\n<li>PILAS HOLANDESAS<\/li>\n<\/ul>\n<p>[\/vc_column_text][vc_separator type=\u00bbtransparent\u00bb up=\u00bb50&#8243;]<a  itemprop=\"url\" href=\"https:\/\/www.tallers-soteras.com\/es\/productos\/\" target=\"_self\"  class=\"qbutton  default\" style=\"\">QUIERO SABER M\u00c1S<\/a>[\/vc_column][\/vc_row][vc_row css_animation=\u00bbelement_from_fade\u00bb row_type=\u00bbrow\u00bb use_row_as_full_screen_section=\u00bbno\u00bb type=\u00bbgrid\u00bb angled_section=\u00bbno\u00bb text_align=\u00bbcenter\u00bb background_image_as_pattern=\u00bbwithout_pattern\u00bb background_color=\u00bb#493d39&#8243; padding_top=\u00bb50&#8243; padding_bottom=\u00bb50&#8243; z_index=\u00bb\u00bb el_class=\u00bbhome_oferim\u00bb][vc_column][vc_column_text el_class=\u00bbsection_title borderoff\u00bb]<\/p>\n<h2 style=\"text-align: center;\">\u00bfQu\u00e9 ofrecemos?<\/h2>\n<p>[\/vc_column_text][vc_column_text]<\/p>\n<ul>\n<li>INGENIER\u00cdA<\/li>\n<li>MONTAJE E INSTALACI\u00d3N<\/li>\n<li>REPARACI\u00d3N DE MAQUINARIA<\/li>\n<li>CONSTRUCCI\u00d3N DE MAQUINARIA Y CALDERER\u00cdA<\/li>\n<li>PARTNER EMPRESARIAL<\/li>\n<\/ul>\n<p>[\/vc_column_text][\/vc_column][\/vc_row][vc_row css_animation=\u00bbelement_from_fade\u00bb row_type=\u00bbrow\u00bb use_row_as_full_screen_section=\u00bbno\u00bb type=\u00bbgrid\u00bb angled_section=\u00bbno\u00bb text_align=\u00bbleft\u00bb background_image_as_pattern=\u00bbwithout_pattern\u00bb padding_top=\u00bb70&#8243; padding_bottom=\u00bb70&#8243; z_index=\u00bb\u00bb][vc_column width=\u00bb1\/2&#8243;][vc_single_image image=\u00bb297&#8243; img_size=\u00bbfull\u00bb qode_css_animation=\u00bb\u00bb][\/vc_column][vc_column width=\u00bb1\/2&#8243;][vc_separator type=\u00bbtransparent\u00bb up=\u00bb20&#8243;][vc_column_text el_class=\u00bbsection_title borderoff\u00bb]<\/p>\n<h2 style=\"text-align: left;\">Nuestras pilas holandesas<\/h2>\n<p>CONOCE LA TRADICI\u00d3N[\/vc_column_text][vc_separator type=\u00bbtransparent\u00bb up=\u00bb20&#8243;][vc_column_text el_class=\u00bbhome_producto_main\u00bb]Disponemos de pilas holandesas destinadas a hacer papel a mano, de laboratorio y para artistas, museos o escuelas. Vendemos las pilas holandesas industriales completas o s\u00f3lo el mol\u00f3n de 1.500 mm m\u00e1ximo.[\/vc_column_text][vc_separator type=\u00bbtransparent\u00bb up=\u00bb10&#8243;]<a  itemprop=\"url\" href=\"https:\/\/www.tallers-soteras.com\/es\/pilas-holandesas\/\" target=\"_self\"  class=\"qbutton  default\" style=\"\">VER M\u00c1S<\/a>[\/vc_column][\/vc_row][vc_row css_animation=\u00bbelement_from_fade\u00bb row_type=\u00bbrow\u00bb use_row_as_full_screen_section=\u00bbno\u00bb type=\u00bbgrid\u00bb angled_section=\u00bbno\u00bb text_align=\u00bbcenter\u00bb background_image_as_pattern=\u00bbwithout_pattern\u00bb z_index=\u00bb\u00bb][vc_column][vc_separator type=\u00bbnormal\u00bb color=\u00bb#f9f0ed\u00bb thickness=\u00bb3&#8243;][\/vc_column][\/vc_row][vc_row css_animation=\u00bbelement_from_fade\u00bb row_type=\u00bbrow\u00bb use_row_as_full_screen_section=\u00bbno\u00bb type=\u00bbgrid\u00bb angled_section=\u00bbno\u00bb text_align=\u00bbcenter\u00bb background_image_as_pattern=\u00bbwithout_pattern\u00bb padding_top=\u00bb80&#8243; padding_bottom=\u00bb80&#8243; z_index=\u00bb\u00bb][vc_column][vc_column_text el_class=\u00bbsection_title borderoff\u00bb]<\/p>\n<h2 style=\"text-align: center;\">Los productos<\/h2>\n<p style=\"text-align: center;\">CONOCE NUESTRA OFERTA<\/p>\n<p>[\/vc_column_text][vc_separator type=\u00bbtransparent\u00bb up=\u00bb10&#8243;][vc_row_inner row_type=\u00bbrow\u00bb type=\u00bbfull_width\u00bb text_align=\u00bbleft\u00bb css_animation=\u00bb\u00bb el_class=\u00bbhome_productos_grid\u00bb][vc_column_inner width=\u00bb1\/3&#8243;][vc_single_image image=\u00bb401&#8243; img_size=\u00bbfull\u00bb alignment=\u00bbcenter\u00bb qode_css_animation=\u00bb\u00bb][vc_column_text]<\/p>\n<h3>PULPERS<\/h3>\n<p>Pulper triturador de alta densidad con rotor helicoidal y pulper convencional con aspas o con plato desintegrador.[\/vc_column_text][\/vc_column_inner][vc_column_inner width=\u00bb1\/3&#8243;][vc_single_image image=\u00bb399&#8243; img_size=\u00bbfull\u00bb alignment=\u00bbcenter\u00bb qode_css_animation=\u00bb\u00bb][vc_column_text]<\/p>\n<h3>DEPURADORES<\/h3>\n<p>Depurador centr\u00edfugo para protecci\u00f3n de circuito de pastas, alta densidad tipo DR y depurador centr\u00edfugo tipo cicl\u00f3n con motor incorporado y doble turbina para pasta espasa y diluida.[\/vc_column_text][\/vc_column_inner][vc_column_inner width=\u00bb1\/3&#8243;][vc_single_image image=\u00bb412&#8243; img_size=\u00bbfull\u00bb alignment=\u00bbcenter\u00bb qode_css_animation=\u00bb\u00bb][vc_column_text]<\/p>\n<h3>DEPURADORES PLANOS<\/h3>\n<p>Depurador para instalar salida de rechazos del separador y depurador para instalar en diferentes circuitos y densidades. Ambos compuestos de chapas perforadas, sistema vibrador por medio de motor de masas exc\u00e9ntricas. [\/vc_column_text][\/vc_column_inner][\/vc_row_inner][vc_row_inner row_type=\u00bbrow\u00bb type=\u00bbfull_width\u00bb text_align=\u00bbcenter\u00bb css_animation=\u00bb\u00bb][vc_column_inner][vc_separator type=\u00bbtransparent\u00bb up=\u00bb10&#8243;]<a  itemprop=\"url\" href=\"https:\/\/www.tallers-soteras.com\/es\/productos\/\" target=\"_self\"  class=\"qbutton  default\" style=\"\">VER M\u00c1S<\/a>[\/vc_column_inner][\/vc_row_inner][\/vc_column][\/vc_row][vc_row css_animation=\u00bbelement_from_fade\u00bb row_type=\u00bbrow\u00bb use_row_as_full_screen_section=\u00bbno\u00bb type=\u00bbgrid\u00bb angled_section=\u00bbno\u00bb text_align=\u00bbcenter\u00bb background_image_as_pattern=\u00bbwithout_pattern\u00bb padding_top=\u00bb80&#8243; padding_bottom=\u00bb80&#8243; z_index=\u00bb\u00bb][vc_column][vc_column_text]<\/p>\n<p style=\"text-align: center;\">En TALLERS SOTERAS S.L., siempre tenemos presente la importancia del Medio Ambiente, tanto para la sociedad como para nuestras actividades. Por ello, en nuestro compromiso en reducir el impacto ambiental, se ha realizado una importante inversi\u00f3n mediante la instalaci\u00f3n de placas solares, lo que nos permite generar energ\u00eda limpia, renovable y sostenible.<\/p>\n<p style=\"text-align: center;\">TALLERS SOTERAS S.L., ha invertido un total de 32.188,15\u20ac, en una instalaci\u00f3n con 54 placas (m\u00f3dulos) solares, con una potencia unitaria de 460 kWp, siendo la potencia total instalada de 24,84 kWp.<\/p>\n<p style=\"text-align: center;\">Esta inversi\u00f3n se ha llevado a cabo gracias a las ayudas del Programa de incentivos ligadas al autoconsumo y al almacenamiento, con fuentes de energ\u00eda renovables, financiado por la Uni\u00f3n Europea \u2013 Next Generation EU, obteniendo una ayuda de 5.083,26 \u20ac.<\/p>\n<p>[\/vc_column_text][vc_separator type=\u00bbtransparent\u00bb up=\u00bb10&#8243;][vc_row_inner row_type=\u00bbrow\u00bb type=\u00bbfull_width\u00bb text_align=\u00bbleft\u00bb css_animation=\u00bb\u00bb][vc_column_inner][vc_single_image image=\u00bb1537&#8243; img_size=\u00bbfull\u00bb alignment=\u00bbcenter\u00bb qode_css_animation=\u00bb\u00bb][\/vc_column_inner][\/vc_row_inner][\/vc_column][\/vc_row]<\/p>\n<\/div>","protected":false},"excerpt":{"rendered":"<p>[vc_row css_animation=\u00bb\u00bb row_type=\u00bbrow\u00bb use_row_as_full_screen_section=\u00bbno\u00bb type=\u00bbfull_width\u00bb angled_section=\u00bbno\u00bb text_align=\u00bbleft\u00bb background_image_as_pattern=\u00bbwithout_pattern\u00bb][vc_column][rev_slider_vc alias=\u00bbhomeES\u00bb][\/vc_column][\/vc_row][vc_row css_animation=\u00bbelement_from_fade\u00bb row_type=\u00bbrow\u00bb use_row_as_full_screen_section=\u00bbno\u00bb type=\u00bbgrid\u00bb angled_section=\u00bbno\u00bb text_align=\u00bbleft\u00bb background_image_as_pattern=\u00bbwithout_pattern\u00bb background_color=\u00bb#818d6b\u00bb padding_top=\u00bb20&#8243; padding_bottom=\u00bb10&#8243; z_index=\u00bb\u00bb el_class=\u00bbhome_icons\u00bb][vc_column width=\u00bb1\/4&#8243;][\/vc_column][vc_column width=\u00bb1\/4&#8243;][\/vc_column][vc_column width=\u00bb1\/4&#8243;][\/vc_column][vc_column width=\u00bb1\/4&#8243;][\/vc_column][\/vc_row][vc_row css_animation=\u00bb\u00bb row_type=\u00bbrow\u00bb use_row_as_full_screen_section=\u00bbno\u00bb type=\u00bbfull_width\u00bb angled_section=\u00bbno\u00bb text_align=\u00bbleft\u00bb background_image_as_pattern=\u00bbwithout_pattern\u00bb el_class=\u00bbnewsletter_wrapper\u00bb z_index=\u00bb\u00bb][vc_column][vc_raw_html]JTVCY29udGFjdC1mb3JtLTclMjBpZCUzRCUyMjkxNyUyMiUyMHRpdGxlJTNEJTIyTmV3c2xldHRlciUyMEVTJTIyJTVE[\/vc_raw_html][\/vc_column][\/vc_row][vc_row css_animation=\u00bbelement_from_fade\u00bb row_type=\u00bbrow\u00bb use_row_as_full_screen_section=\u00bbno\u00bb type=\u00bbgrid\u00bb angled_section=\u00bbno\u00bb text_align=\u00bbcenter\u00bb background_image_as_pattern=\u00bbwithout_pattern\u00bb padding_top=\u00bb60&#8243; padding_bottom=\u00bb70&#8243; z_index=\u00bb\u00bb][vc_column][vc_column_text el_class=\u00bbsection_title\u00bb]&#8230;<\/p>\n","protected":false},"author":1,"featured_media":0,"parent":0,"menu_order":0,"comment_status":"closed","ping_status":"closed","template":"full_width.php","meta":{"footnotes":""},"class_list":["post-7","page","type-page","status-publish","hentry"],"yoast_head":"<!-- This site is optimized with the Yoast SEO plugin v27.5 - https:\/\/yoast.com\/product\/yoast-seo-wordpress\/ -->\n<title>Inicio - Tallers Soteras<\/title>\n<meta name=\"robots\" content=\"index, follow, max-snippet:-1, max-image-preview:large, max-video-preview:-1\" \/>\n<link rel=\"canonical\" href=\"https:\/\/www.tallers-soteras.com\/es\/\" \/>\n<meta property=\"og:locale\" content=\"es_ES\" \/>\n<meta property=\"og:type\" content=\"article\" \/>\n<meta property=\"og:title\" content=\"Inicio - Tallers Soteras\" \/>\n<meta property=\"og:description\" content=\"[vc_row css_animation=\u00bb\u00bb row_type=\u00bbrow\u00bb use_row_as_full_screen_section=\u00bbno\u00bb type=\u00bbfull_width\u00bb angled_section=\u00bbno\u00bb text_align=\u00bbleft\u00bb background_image_as_pattern=\u00bbwithout_pattern\u00bb][vc_column][rev_slider_vc alias=\u00bbhomeES\u00bb][\/vc_column][\/vc_row][vc_row css_animation=\u00bbelement_from_fade\u00bb row_type=\u00bbrow\u00bb use_row_as_full_screen_section=\u00bbno\u00bb type=\u00bbgrid\u00bb angled_section=\u00bbno\u00bb text_align=\u00bbleft\u00bb background_image_as_pattern=\u00bbwithout_pattern\u00bb background_color=\u00bb#818d6b\u00bb padding_top=\u00bb20&#8243; padding_bottom=\u00bb10&#8243; z_index=\u00bb\u00bb el_class=\u00bbhome_icons\u00bb][vc_column width=\u00bb1\/4&#8243;][\/vc_column][vc_column width=\u00bb1\/4&#8243;][\/vc_column][vc_column width=\u00bb1\/4&#8243;][\/vc_column][vc_column width=\u00bb1\/4&#8243;][\/vc_column][\/vc_row][vc_row css_animation=\u00bb\u00bb row_type=\u00bbrow\u00bb use_row_as_full_screen_section=\u00bbno\u00bb type=\u00bbfull_width\u00bb angled_section=\u00bbno\u00bb text_align=\u00bbleft\u00bb background_image_as_pattern=\u00bbwithout_pattern\u00bb el_class=\u00bbnewsletter_wrapper\u00bb z_index=\u00bb\u00bb][vc_column][vc_raw_html]JTVCY29udGFjdC1mb3JtLTclMjBpZCUzRCUyMjkxNyUyMiUyMHRpdGxlJTNEJTIyTmV3c2xldHRlciUyMEVTJTIyJTVE[\/vc_raw_html][\/vc_column][\/vc_row][vc_row css_animation=\u00bbelement_from_fade\u00bb row_type=\u00bbrow\u00bb use_row_as_full_screen_section=\u00bbno\u00bb type=\u00bbgrid\u00bb angled_section=\u00bbno\u00bb text_align=\u00bbcenter\u00bb background_image_as_pattern=\u00bbwithout_pattern\u00bb padding_top=\u00bb60&#8243; padding_bottom=\u00bb70&#8243; z_index=\u00bb\u00bb][vc_column][vc_column_text el_class=\u00bbsection_title\u00bb]...\" \/>\n<meta property=\"og:url\" content=\"https:\/\/www.tallers-soteras.com\/es\/\" \/>\n<meta property=\"og:site_name\" content=\"Tallers Soteras\" \/>\n<meta property=\"article:modified_time\" content=\"2024-01-22T09:03:00+00:00\" \/>\n<meta name=\"twitter:card\" content=\"summary_large_image\" \/>\n<meta name=\"twitter:label1\" content=\"Tiempo de lectura\" \/>\n\t<meta name=\"twitter:data1\" content=\"6 minutos\" \/>\n<script type=\"application\/ld+json\" class=\"yoast-schema-graph\">{\"@context\":\"https:\\\/\\\/schema.org\",\"@graph\":[{\"@type\":\"WebPage\",\"@id\":\"https:\\\/\\\/www.tallers-soteras.com\\\/es\\\/\",\"url\":\"https:\\\/\\\/www.tallers-soteras.com\\\/es\\\/\",\"name\":\"Inicio - Tallers Soteras\",\"isPartOf\":{\"@id\":\"https:\\\/\\\/www.tallers-soteras.com\\\/#website\"},\"datePublished\":\"2018-06-01T15:13:23+00:00\",\"dateModified\":\"2024-01-22T09:03:00+00:00\",\"breadcrumb\":{\"@id\":\"https:\\\/\\\/www.tallers-soteras.com\\\/es\\\/#breadcrumb\"},\"inLanguage\":\"es\",\"potentialAction\":[{\"@type\":\"ReadAction\",\"target\":[\"https:\\\/\\\/www.tallers-soteras.com\\\/es\\\/\"]}]},{\"@type\":\"BreadcrumbList\",\"@id\":\"https:\\\/\\\/www.tallers-soteras.com\\\/es\\\/#breadcrumb\",\"itemListElement\":[{\"@type\":\"ListItem\",\"position\":1,\"name\":\"Inici\",\"item\":\"https:\\\/\\\/www.tallers-soteras.com\\\/es\\\/\"},{\"@type\":\"ListItem\",\"position\":2,\"name\":\"Inicio\"}]},{\"@type\":\"WebSite\",\"@id\":\"https:\\\/\\\/www.tallers-soteras.com\\\/#website\",\"url\":\"https:\\\/\\\/www.tallers-soteras.com\\\/\",\"name\":\"Tallers Soteras\",\"description\":\"\",\"potentialAction\":[{\"@type\":\"SearchAction\",\"target\":{\"@type\":\"EntryPoint\",\"urlTemplate\":\"https:\\\/\\\/www.tallers-soteras.com\\\/?s={search_term_string}\"},\"query-input\":{\"@type\":\"PropertyValueSpecification\",\"valueRequired\":true,\"valueName\":\"search_term_string\"}}],\"inLanguage\":\"es\"}]}<\/script>\n<!-- \/ Yoast SEO plugin. -->","yoast_head_json":{"title":"Inicio - Tallers Soteras","robots":{"index":"index","follow":"follow","max-snippet":"max-snippet:-1","max-image-preview":"max-image-preview:large","max-video-preview":"max-video-preview:-1"},"canonical":"https:\/\/www.tallers-soteras.com\/es\/","og_locale":"es_ES","og_type":"article","og_title":"Inicio - Tallers Soteras","og_description":"[vc_row css_animation=\u00bb\u00bb row_type=\u00bbrow\u00bb use_row_as_full_screen_section=\u00bbno\u00bb type=\u00bbfull_width\u00bb angled_section=\u00bbno\u00bb text_align=\u00bbleft\u00bb background_image_as_pattern=\u00bbwithout_pattern\u00bb][vc_column][rev_slider_vc alias=\u00bbhomeES\u00bb][\/vc_column][\/vc_row][vc_row css_animation=\u00bbelement_from_fade\u00bb row_type=\u00bbrow\u00bb use_row_as_full_screen_section=\u00bbno\u00bb type=\u00bbgrid\u00bb angled_section=\u00bbno\u00bb text_align=\u00bbleft\u00bb background_image_as_pattern=\u00bbwithout_pattern\u00bb background_color=\u00bb#818d6b\u00bb padding_top=\u00bb20&#8243; padding_bottom=\u00bb10&#8243; z_index=\u00bb\u00bb el_class=\u00bbhome_icons\u00bb][vc_column width=\u00bb1\/4&#8243;][\/vc_column][vc_column width=\u00bb1\/4&#8243;][\/vc_column][vc_column width=\u00bb1\/4&#8243;][\/vc_column][vc_column width=\u00bb1\/4&#8243;][\/vc_column][\/vc_row][vc_row css_animation=\u00bb\u00bb row_type=\u00bbrow\u00bb use_row_as_full_screen_section=\u00bbno\u00bb type=\u00bbfull_width\u00bb angled_section=\u00bbno\u00bb text_align=\u00bbleft\u00bb background_image_as_pattern=\u00bbwithout_pattern\u00bb el_class=\u00bbnewsletter_wrapper\u00bb z_index=\u00bb\u00bb][vc_column][vc_raw_html]JTVCY29udGFjdC1mb3JtLTclMjBpZCUzRCUyMjkxNyUyMiUyMHRpdGxlJTNEJTIyTmV3c2xldHRlciUyMEVTJTIyJTVE[\/vc_raw_html][\/vc_column][\/vc_row][vc_row css_animation=\u00bbelement_from_fade\u00bb row_type=\u00bbrow\u00bb use_row_as_full_screen_section=\u00bbno\u00bb type=\u00bbgrid\u00bb angled_section=\u00bbno\u00bb text_align=\u00bbcenter\u00bb background_image_as_pattern=\u00bbwithout_pattern\u00bb padding_top=\u00bb60&#8243; padding_bottom=\u00bb70&#8243; z_index=\u00bb\u00bb][vc_column][vc_column_text el_class=\u00bbsection_title\u00bb]...","og_url":"https:\/\/www.tallers-soteras.com\/es\/","og_site_name":"Tallers Soteras","article_modified_time":"2024-01-22T09:03:00+00:00","twitter_card":"summary_large_image","twitter_misc":{"Tiempo de lectura":"6 minutos"},"schema":{"@context":"https:\/\/schema.org","@graph":[{"@type":"WebPage","@id":"https:\/\/www.tallers-soteras.com\/es\/","url":"https:\/\/www.tallers-soteras.com\/es\/","name":"Inicio - Tallers Soteras","isPartOf":{"@id":"https:\/\/www.tallers-soteras.com\/#website"},"datePublished":"2018-06-01T15:13:23+00:00","dateModified":"2024-01-22T09:03:00+00:00","breadcrumb":{"@id":"https:\/\/www.tallers-soteras.com\/es\/#breadcrumb"},"inLanguage":"es","potentialAction":[{"@type":"ReadAction","target":["https:\/\/www.tallers-soteras.com\/es\/"]}]},{"@type":"BreadcrumbList","@id":"https:\/\/www.tallers-soteras.com\/es\/#breadcrumb","itemListElement":[{"@type":"ListItem","position":1,"name":"Inici","item":"https:\/\/www.tallers-soteras.com\/es\/"},{"@type":"ListItem","position":2,"name":"Inicio"}]},{"@type":"WebSite","@id":"https:\/\/www.tallers-soteras.com\/#website","url":"https:\/\/www.tallers-soteras.com\/","name":"Tallers Soteras","description":"","potentialAction":[{"@type":"SearchAction","target":{"@type":"EntryPoint","urlTemplate":"https:\/\/www.tallers-soteras.com\/?s={search_term_string}"},"query-input":{"@type":"PropertyValueSpecification","valueRequired":true,"valueName":"search_term_string"}}],"inLanguage":"es"}]}},"_links":{"self":[{"href":"https:\/\/www.tallers-soteras.com\/es\/wp-json\/wp\/v2\/pages\/7","targetHints":{"allow":["GET"]}}],"collection":[{"href":"https:\/\/www.tallers-soteras.com\/es\/wp-json\/wp\/v2\/pages"}],"about":[{"href":"https:\/\/www.tallers-soteras.com\/es\/wp-json\/wp\/v2\/types\/page"}],"author":[{"embeddable":true,"href":"https:\/\/www.tallers-soteras.com\/es\/wp-json\/wp\/v2\/users\/1"}],"replies":[{"embeddable":true,"href":"https:\/\/www.tallers-soteras.com\/es\/wp-json\/wp\/v2\/comments?post=7"}],"version-history":[{"count":43,"href":"https:\/\/www.tallers-soteras.com\/es\/wp-json\/wp\/v2\/pages\/7\/revisions"}],"predecessor-version":[{"id":1551,"href":"https:\/\/www.tallers-soteras.com\/es\/wp-json\/wp\/v2\/pages\/7\/revisions\/1551"}],"wp:attachment":[{"href":"https:\/\/www.tallers-soteras.com\/es\/wp-json\/wp\/v2\/media?parent=7"}],"curies":[{"name":"wp","href":"https:\/\/api.w.org\/{rel}","templated":true}]}}